{"id":33488,"date":"2018-05-17T10:50:40","date_gmt":"2018-05-17T08:50:40","guid":{"rendered":"http:\/\/sol-royal.com\/?page_id=33488"},"modified":"2026-01-13T13:36:48","modified_gmt":"2026-01-13T12:36:48","slug":"datenschutzerklaerung","status":"publish","type":"page","link":"https:\/\/sol-royal.com\/en\/datenschutzerklaerung\/","title":{"rendered":"Datenschutzerkl\u00e4rung"},"content":{"rendered":"<p>[vc_row][vc_column][vc_column_text]<\/p>\n<h1>Datenschutzerkl\u00e4rung<\/h1>\n<h2>1) Einleitung und Kontaktdaten des Verantwortlichen<\/h2>\n<p><b>1.1<\/b>\u00a0Wir freuen uns, dass Sie unsere Website besuchen und bedanken uns f\u00fcr Ihr Interesse. Im Folgenden informieren wir Sie \u00fcber den Umgang mit Ihren personenbezogenen Daten bei der Nutzung unserer Website. Personenbezogene Daten sind hierbei alle Daten, mit denen Sie pers\u00f6nlich identifiziert werden k\u00f6nnen.<\/p>\n<p><b>1.2<\/b> Verantwortlicher f\u00fcr die Datenverarbeitung auf dieser Website im Sinne der Datenschutz-Grundverordnung (DSGVO) ist sellvin AG, Am Eifeltor 18, 50997 K\u00f6ln, Deutschland, datenschutz@sellvin.de. Der f\u00fcr die Verarbeitung von personenbezogenen Daten Verantwortliche ist diejenige nat\u00fcrliche oder juristische Person, die allein oder gemeinsam mit anderen \u00fcber die Zwecke und Mittel der Verarbeitung von personenbezogenen Daten entscheidet.<\/p>\n<p><b>1.3<\/b>\u00a0Der Verantwortliche hat einen Datenschutzbeauftragten bestellt, dieser ist wie folgt zu erreichen: &#8220;datenschutz@sellvin.de&#8221;<\/p>\n<h2>2) Datenerfassung beim Besuch unserer Website<\/h2>\n<p><b>2.1<\/b>\u00a0Bei der blo\u00df informatorischen Nutzung unserer Website, also wenn Sie sich nicht registrieren oder uns anderweitig Informationen \u00fcbermitteln, erheben wir nur solche Daten, die Ihr Browser an den Seitenserver \u00fcbermittelt (sog. \u201eServer-Logfiles\u201c). Wenn Sie unsere Website aufrufen, erheben wir die folgenden Daten, die f\u00fcr uns technisch erforderlich sind, um Ihnen die Website anzuzeigen:<\/p>\n<ul>\n<li>Unsere besuchte Website<\/li>\n<li>Datum und Uhrzeit zum Zeitpunkt des Zugriffes<\/li>\n<li>Menge der gesendeten Daten in Byte<\/li>\n<li>Quelle\/Verweis, von welchem Sie auf die Seite gelangten<\/li>\n<li>Verwendeter Browser<\/li>\n<li>Verwendetes Betriebssystem<\/li>\n<li>Verwendete IP-Adresse (ggf.: in anonymisierter Form)<\/li>\n<\/ul>\n<p>Die Verarbeitung erfolgt gem\u00e4\u00df Art. 6 Abs. 1 lit. f DSGVO auf Basis unseres berechtigten Interesses an der Verbesserung der Stabilit\u00e4t und Funktionalit\u00e4t unserer Website. Eine Weitergabe oder anderweitige Verwendung der Daten findet nicht statt. Wir behalten uns allerdings vor, die Server-Logfiles nachtr\u00e4glich zu \u00fcberpr\u00fcfen, sollten konkrete Anhaltspunkte auf eine rechtswidrige Nutzung hinweisen.<\/p>\n<p><b>2.2<\/b>\u00a0Diese Website nutzt aus Sicherheitsgr\u00fcnden und zum Schutz der \u00dcbertragung personenbezogener Daten und anderer vertraulicher Inhalte (z.B. Bestellungen oder Anfragen an den Verantwortlichen) eine SSL-bzw. TLS-Verschl\u00fcsselung. Sie k\u00f6nnen eine verschl\u00fcsselte Verbindung an der Zeichenfolge \u201ehttps:\/\/\u201c und dem Schloss-Symbol in Ihrer Browserzeile erkennen.<\/p>\n<h2>3) Cookies<\/h2>\n<p>Um den Besuch unserer Website attraktiv zu gestalten und die Nutzung bestimmter Funktionen zu erm\u00f6glichen, verwenden wir Cookies, also kleine Textdateien, die auf Ihrem Endger\u00e4t abgelegt werden. Teilweise werden diese Cookies nach Schlie\u00dfen des Browsers automatisch wieder gel\u00f6scht (sog. \u201eSession-Cookies\u201c), teilweise verbleiben diese Cookies l\u00e4nger auf Ihrem Endger\u00e4t und erm\u00f6glichen das Speichern von Seiteneinstellungen (sog. \u201epersistente Cookies\u201c). Im letzteren Fall k\u00f6nnen Sie die Speicherdauer der \u00dcbersicht zu den Cookie-Einstellungen Ihres Webbrowsers entnehmen.<\/p>\n<p>Sofern durch einzelne von uns eingesetzte Cookies auch personenbezogene Daten verarbeitet werden, erfolgt die Verarbeitung gem\u00e4\u00df Art. 6 Abs. 1 lit. b DSGVO entweder zur Durchf\u00fchrung des Vertrages, gem\u00e4\u00df Art. 6 Abs. 1 lit. a DSGVO im Falle einer erteilten Einwilligung oder gem\u00e4\u00df Art. 6 Abs. 1 lit. f DSGVO zur Wahrung unserer berechtigten Interessen an der bestm\u00f6glichen Funktionalit\u00e4t der Website sowie einer kundenfreundlichen und effektiven Ausgestaltung des Seitenbesuchs.<\/p>\n<p>Sie k\u00f6nnen Ihren Browser so einstellen, dass Sie \u00fcber das Setzen von Cookies informiert werden und einzeln \u00fcber deren Annahme entscheiden oder die Annahme von Cookies f\u00fcr bestimmte F\u00e4lle oder generell ausschlie\u00dfen k\u00f6nnen.<\/p>\n<p>Bitte beachten Sie, dass bei Nichtannahme von Cookies die Funktionalit\u00e4t unserer Website eingeschr\u00e4nkt sein kann.<\/p>\n<h2>4) Kontaktaufnahme<\/h2>\n<p>Im Rahmen der Kontaktaufnahme mit uns (z.B. per Kontaktformular oder E-Mail) werden personenbezogene Daten erhoben. Welche Daten im Falle der Nutzung eines Kontaktformulars erhoben werden, ist aus dem jeweiligen Kontaktformular ersichtlich. Diese Daten werden ausschlie\u00dflich zum Zweck der Beantwortung Ihres Anliegens bzw. f\u00fcr die Kontaktaufnahme und die damit verbundene technische Administration gespeichert und verwendet.<\/p>\n<p>Rechtsgrundlage f\u00fcr die Verarbeitung dieser Daten ist unser berechtigtes Interesse an der Beantwortung Ihres Anliegens gem\u00e4\u00df Art. 6 Abs. 1 lit. f DSGVO. Zielt Ihre Kontaktierung auf den Abschluss eines Vertrages ab, so ist zus\u00e4tzliche Rechtsgrundlage f\u00fcr die Verarbeitung Art. 6 Abs. 1 lit. b DSGVO. Ihre Daten werden nach abschlie\u00dfender Bearbeitung Ihrer Anfrage gel\u00f6scht. Dies ist der Fall, wenn sich aus den Umst\u00e4nden entnehmen l\u00e4sst, dass der betroffene Sachverhalt abschlie\u00dfend gekl\u00e4rt ist und sofern keine gesetzlichen Aufbewahrungspflichten entgegenstehen.<\/p>\n<h2>5) Webanalysedienste<\/h2>\n<p>Google (Universal) Analytics<\/p>\n<p>Diese Website benutzt Google (Universal) Analytics, einen Webanalysedienst der Google Ireland Limited, Gordon House, 4 Barrow St, Dublin, D04 E5W5, Irland (&#8220;Google&#8221;), der eine Analyse Ihrer Benutzung unserer Website erm\u00f6glicht.<\/p>\n<p>Standardm\u00e4\u00dfig werden beim Besuch der Website durch Google (Universal) Analytics Cookies gesetzt, die als kleine Textbausteine auf Ihrem Endger\u00e4t abgelegt werden und bestimmte Informationen erheben. Zum Umfang dieser Informationen geh\u00f6rt auch Ihre IP-Adresse, die allerdings von Google um die letzten Ziffern gek\u00fcrzt wird, um eine direkte Personenbeziehbarkeit auszuschlie\u00dfen.<\/p>\n<p>Die Informationen werden an Server von Google \u00fcbertragen und dort weiterverarbeitet. Dabei sind auch \u00dcbermittlungen an Google LLC mit Sitz in den USA m\u00f6glich.<\/p>\n<p>Google nutzt die erhobenen Informationen in unserem Auftrag, um Ihre Nutzung der Website auszuwerten, Reports \u00fcber die Websiteaktivit\u00e4ten f\u00fcr uns zusammenzustellen und um weitere mit der Websitenutzung und der Internetnutzung verbundene Dienstleistungen zu erbringen. Die im Rahmen von Google Analytics von Ihrem Browser \u00fcbermittelte und gek\u00fcrzte IP-Adresse wird nicht mit anderen Daten von Google zusammengef\u00fchrt. Die im Rahmen der Nutzung von Google (Universal) Analytics erhobenen Daten werden f\u00fcr die Dauer von zwei Monaten gespeichert und anschlie\u00dfend gel\u00f6scht.<\/p>\n<p>Alle vorstehend beschriebenen Verarbeitungen, insbesondere das Setzen von Cookies auf dem verwendeten Endger\u00e4t, erfolgen nur, wenn Sie uns hierf\u00fcr Ihre ausdr\u00fcckliche Einwilligung gem. Art. 6 Abs. 1 lit. a DSGVO erteilt haben.<br \/>\nOhne Ihre Einwilligung unterbleibt der Einsatz von Google (Universal) Analytics w\u00e4hrend Ihres Seitenbesuchs. Sie k\u00f6nnen Ihre erteilte Einwilligung mit Wirkung f\u00fcr die Zukunft jederzeit widerrufen. Um Ihr Widerrufsrecht auszu\u00fcben, deaktivieren Sie bitte diesen Dienst \u00fcber das auf der Website bereitgestellte \u201eCookie-Consent-Tool\u201c.<\/p>\n<p>Wir haben mit Google einen Auftragsverarbeitungsvertrag geschlossen, der den Schutz der Daten unserer Seitenbesucher sicherstellt und eine unberechtigte Weitergabe an Dritte untersagt.<\/p>\n<p>Weitere rechtliche Hinweise zu Google (Universal) Analytics finden Sie unter <a href=\"https:\/\/policies.google.com\/privacy?hl=de&amp;gl=de\" target=\"_blank\" rel=\"noopener\">https:\/\/policies.google.com<wbr \/>\/privacy<wbr \/>?hl=de<wbr \/>&amp;gl=de<\/a> und unter <a href=\"https:\/\/policies.google.com\/technologies\/partner-sites\" target=\"_blank\" rel=\"noopener\">https:\/\/policies.google.com<wbr \/>\/technologies<wbr \/>\/partner-sites<\/a><\/p>\n<p>Demografische Merkmale<br \/>\nGoogle (Universal) Analytics nutzt die spezielle Funktion \u201edemografische Merkmale\u201c und kann dar\u00fcber Statistiken erstellen, die Aussagen \u00fcber das Alter, Geschlecht und Interessen von Seitenbesuchern treffen. Dies geschieht durch die Analyse von Werbung und Informationen von Drittanbietern. Dadurch k\u00f6nnen Zielgruppen f\u00fcr Marketingaktivit\u00e4ten identifiziert werden. Die gesammelten Daten k\u00f6nnen jedoch keiner bestimmten Person zugeordnet werden und werden nach einer Speicherung f\u00fcr die Dauer von zwei Monaten gel\u00f6scht.<\/p>\n<p>Google Signals<br \/>\nAls Erweiterung zu Google (Universal) Analytics kann auf dieser Website Google Signals verwendet werden, um ger\u00e4te\u00fcbergreifende Berichte erstellen zu lassen. Wenn Sie personalisierte Anzeigen aktiviert haben und Ihre Ger\u00e4te mit Ihrem Google-Konto verkn\u00fcpft haben, kann Google vorbehaltlich Ihrer Einwilligung zur Nutzung von Google Analytics gem. Art. 6 Abs. 1 lit. a DSGVO Ihr Nutzungsverhalten ger\u00e4te\u00fcbergreifend analysieren und Datenbankmodelle, unter anderem zu ger\u00e4te\u00fcbergreifenden Conversions, erstellen. Wir erhalten keine personenbezogenen Daten von Google, sondern nur Statistiken. Wenn Sie die ger\u00e4te\u00fcbergreifende Analyse stoppen m\u00f6chten, k\u00f6nnen Sie die Funktion &#8220;Personalisierte Werbung&#8221; in den Einstellungen Ihres Google-Kontos deaktivieren. Folgen Sie dazu den Anweisungen auf dieser Seite: <a href=\"https:\/\/support.google.com\/ads\/answer\/2662922?hl=de\" target=\"_blank\" rel=\"noopener\">https:\/\/support.google.com<wbr \/>\/ads<wbr \/>\/answer<wbr \/>\/2662922<wbr \/>?hl=de<\/a> Weitere Informationen zu Google Signals finden Sie unter folgendem Link: <a href=\"https:\/\/support.google.com\/analytics\/answer\/7532985?hl=de\" target=\"_blank\" rel=\"noopener\">https:\/\/support.google.com<wbr \/>\/analytics<wbr \/>\/answer<wbr \/>\/7532985<wbr \/>?hl=de<\/a><\/p>\n<p>UserIDs<br \/>\nAls Erweiterung zu Google (Universal) Analytics kann auf dieser Website die Funktion &#8220;UserIDs&#8221; verwendet werden. Wenn Sie in die Nutzung von Google (Universal) Analytics gem. Art. 6 Abs. 1 lit. a DSGVO eingewilligt, ein Konto auf dieser Website eingerichtet haben und sich auf verschiedenen Ger\u00e4ten mit diesem Konto anmelden, k\u00f6nnen Ihre Aktivit\u00e4ten, darunter auch Conversions, ger\u00e4te\u00fcbergreifend analysiert werden.<\/p>\n<p>F\u00fcr Daten\u00fcbermittlungen in die USA hat sich der Anbieter dem EU-US-Datenschutzrahmen (EU-US Data Privacy Framework) angeschlossen, das auf Basis eines Angemessenheitsbeschlusses der Europ\u00e4ischen Kommission die Einhaltung des europ\u00e4ischen Datenschutzniveaus\u00a0sicherstellt.<\/p>\n<h2>6) Retargeting\/ Remarketing und Conversion-Tracking<\/h2>\n<p>Facebook-Pixel zur Erstellung von Custom Audiences<\/p>\n<p>Innerhalb unseres Online-Angebots verwenden wir den Dienst &#8220;Facebook Pixel&#8221; des folgenden Anbieters: Meta Platforms Ireland Limited, 4 Grand Canal Quare, Dublin 2, Irland (&#8220;Facebook&#8221;)<\/p>\n<p>Klickt ein Nutzer auf eine von uns auf Facebook geschaltete Werbeanzeige, wird mithilfe von &#8220;Facebook Pixel&#8221; die URL unserer verlinkten Seite um einen Parameter erweitert. Dieser URL-Parameter wird dann nach der Weiterleitung durch ein Cookie, das unsere verlinkte Seite selbst setzt, in den Browser des Nutzers eingetragen.<\/p>\n<p>Dadurch ist es einerseits Facebook m\u00f6glich, die Besucher unseres Onlineangebotes als Zielgruppe f\u00fcr die Darstellung von Anzeigen (sog. &#8220;Facebook-Ads&#8221;) zu bestimmen. Dementsprechend setzen wir den Dienst ein, um die durch uns geschalteten Facebook-Ads nur solchen Facebook-Nutzern anzuzeigen, die auch ein Interesse an unserem Onlineangebot gezeigt haben oder die bestimmte Merkmale (z.B. Interessen an bestimmten Themen oder Produkten, die anhand der besuchten Webseiten bestimmt werden) aufweisen, welche wir an Facebook \u00fcbermitteln (sog. \u201eCustom Audiences\u201c).<\/p>\n<p>Andererseits kann mit \u201eFacebook Pixel\u201c nachvollzogen werden, ob Nutzer nach dem Klick auf eine Facebook-Werbeanzeige auf unsere Website weitergeleitet wurden und welche Ausf\u00fchrungshandlungen sie dort t\u00e4tigen (sog. \u201eConversion-Tracking\u201c).<\/p>\n<p>Die erhobenen Daten sind f\u00fcr uns anonym, bieten uns also keine R\u00fcckschl\u00fcsse auf die Identit\u00e4t der Nutzer. Allerdings werden die Daten von Facebook gespeichert und verarbeitet, sodass eine Verbindung zum jeweiligen Nutzerprofil m\u00f6glich ist und Facebook die Daten f\u00fcr eigene Werbezwecke verwenden kann.<\/p>\n<p>Alle oben beschriebenen Verarbeitungen, insbesondere das Setzen von Cookies f\u00fcr das Auslesen von Informationen auf dem verwendeten Endger\u00e4t, werden nur dann vollzogen, wenn Sie uns gem\u00e4\u00df Art. 6 Abs. 1 lit. a DSGVO dazu Ihre ausdr\u00fcckliche Einwilligung erteilt haben. Sie k\u00f6nnen Ihre erteilte Einwilligung jederzeit mit Wirkung f\u00fcr die Zukunft widerrufen, indem Sie diesen Dienst in dem auf der Webseite bereitgestellten \u201eCookie-Consent-Tool\u201c deaktivieren.<\/p>\n<p>Wir haben mit dem Anbieter einen Auftragsverarbeitungsvertrag geschlossen, der den Schutz der Daten unserer Seitenbesucher sicherstellt und eine unberechtigte Weitergabe an Dritte untersagt.<\/p>\n<p>Die durch Facebook erzeugten Informationen werden in der Regel an einen Server von Facebook \u00fcbertragen und dort gespeichert; in diesem Zusammenhang kann es auch zu einer \u00dcbertragung an Server von Meta Platforms Inc. in den USA kommen.<\/p>\n<p>F\u00fcr Daten\u00fcbermittlungen in die USA hat sich der Anbieter dem EU-US-Datenschutzrahmen (EU-US Data Privacy Framework) angeschlossen, das auf Basis eines Angemessenheitsbeschlusses der Europ\u00e4ischen Kommission die Einhaltung des europ\u00e4ischen Datenschutzniveaus\u00a0sicherstellt.<\/p>\n<h2>7) Tools und Sonstiges<\/h2>\n<p>Cookie-Consent-Tool<\/p>\n<p>Diese Website nutzt zur Einholung wirksamer Nutzereinwilligungen f\u00fcr einwilligungspflichtige Cookies und cookie-basierte Anwendungen ein sog. \u201eCookie-Consent-Tool\u201c. Das \u201eCookie-Consent-Tool\u201c wird Nutzern bei Seitenaufruf in Form einer interaktive Benutzeroberfl\u00e4che angezeigt, auf welcher sich per H\u00e4kchensetzung Einwilligungen f\u00fcr bestimmte Cookies und\/oder cookie-basierte Anwendungen erteilen lassen. Hierbei werden durch den Einsatz des Tools alle einwilligungspflichtigen Cookies\/Dienste nur dann geladen, wenn der jeweilige Nutzer entsprechende Einwilligungen per H\u00e4kchensetzung erteilt. So wird sichergestellt, dass nur im Falle einer erteilten Einwilligung derartige Cookies auf dem jeweiligen Endger\u00e4t des Nutzers gesetzt werden.<\/p>\n<p>Das Tool setzt technisch notwendige Cookies, um Ihre Cookie-Pr\u00e4ferenzen zu speichern. Personenbezogene Nutzerdaten werden hierbei grunds\u00e4tzlich nicht verarbeitet.<\/p>\n<p>Kommt es im Einzelfall zum Zwecke der Speicherung, Zuordnung oder Protokollierung von Cookie-Einstellungen doch zur Verarbeitung personenbezogener Daten (wie etwa der IP-Adresse), erfolgt diese gem\u00e4\u00df Art. 6 Abs. 1 lit. f DSGVO auf Basis unseres berechtigten Interesses an einem rechtskonformen, nutzerspezifischen und nutzerfreundlichen Einwilligungsmanagement f\u00fcr Cookies und mithin an einer rechtskonformen Ausgestaltung unseres Internetauftritts.<\/p>\n<p>Weitere Rechtsgrundlage f\u00fcr die Verarbeitung ist ferner Art. 6 Abs. 1 lit. c DSGVO. Wir unterliegen als Verantwortliche der rechtlichen Verpflichtung, den Einsatz technisch nicht notwendiger Cookies von der jeweiligen Nutzereinwilligung abh\u00e4ngig zu machen.<\/p>\n<p>Soweit erforderlich, haben wir mit dem Anbieter einen Auftragsverarbeitungsvertrag geschlossen, der den Schutz der Daten unserer Seitenbesucher sicherstellt und eine unberechtigte Weitergabe an Dritte untersagt.<\/p>\n<p>Weitere Informationen zum Betreiber und den Einstellungsm\u00f6glichkeiten des Cookie-Consent-Tools finden Sie direkt in der entsprechenden Benutzeroberfl\u00e4che auf unserer Website.<\/p>\n<h2>8) Rechte des Betroffenen<\/h2>\n<p><b>8.1<\/b>\u00a0Das geltende Datenschutzrecht gew\u00e4hrt Ihnen gegen\u00fcber dem Verantwortlichen hinsichtlich der Verarbeitung Ihrer personenbezogenen Daten die nachstehenden Betroffenenrechte (Auskunfts- und Interventionsrechte), wobei f\u00fcr die jeweiligen Aus\u00fcbungsvoraussetzungen auf die angef\u00fchrte Rechtsgrundlage verwiesen wird:<\/p>\n<ul>\n<li>Auskunftsrecht gem\u00e4\u00df Art. 15 DSGVO;<\/li>\n<li>Recht auf Berichtigung gem\u00e4\u00df Art. 16 DSGVO;<\/li>\n<li>Recht auf L\u00f6schung gem\u00e4\u00df Art. 17 DSGVO;<\/li>\n<li>Recht auf Einschr\u00e4nkung der Verarbeitung gem\u00e4\u00df Art. 18 DSGVO;<\/li>\n<li>Recht auf Unterrichtung gem\u00e4\u00df Art. 19 DSGVO;<\/li>\n<li>Recht auf Daten\u00fcbertragbarkeit gem\u00e4\u00df Art. 20 DSGVO;<\/li>\n<li>Recht auf Widerruf erteilter Einwilligungen gem\u00e4\u00df Art. 7 Abs. 3 DSGVO;<\/li>\n<li>Recht auf Beschwerde gem\u00e4\u00df Art. 77 DSGVO.<\/li>\n<\/ul>\n<p><b>8.2<\/b>\u00a0WIDERSPRUCHSRECHT<\/p>\n<p>WENN WIR IM RAHMEN EINER INTERESSENABW\u00c4GUNG IHRE PERSONENBEZOGENEN DATEN AUFGRUND UNSERES \u00dcBERWIEGENDEN BERECHTIGTEN INTERESSES VERARBEITEN, HABEN SIE DAS JEDERZEITIGE RECHT, AUS GR\u00dcNDEN, DIE SICH AUS IHRER BESONDEREN SITUATION ERGEBEN, GEGEN DIESE VERARBEITUNG WIDERSPRUCH MIT WIRKUNG F\u00dcR DIE ZUKUNFT EINZULEGEN.<\/p>\n<p>MACHEN SIE VON IHREM WIDERSPRUCHSRECHT GEBRAUCH, BEENDEN WIR DIE VERARBEITUNG DER BETROFFENEN DATEN. EINE WEITERVERARBEITUNG BLEIBT ABER VORBEHALTEN, WENN WIR ZWINGENDE SCHUTZW\u00dcRDIGE GR\u00dcNDE F\u00dcR DIE VERARBEITUNG NACHWEISEN K\u00d6NNEN, DIE IHRE INTERESSEN, GRUNDRECHTE UND GRUNDFREIHEITEN \u00dcBERWIEGEN, ODER WENN DIE VERARBEITUNG DER GELTENDMACHUNG, AUS\u00dcBUNG ODER VERTEIDIGUNG VON RECHTSANSPR\u00dcCHEN DIENT.<\/p>\n<p>WERDEN IHRE PERSONENBEZOGENEN DATEN VON UNS VERARBEITET, UM DIREKTWERBUNG ZU BETREIBEN, HABEN SIE DAS RECHT, JEDERZEIT WIDERSPRUCH GEGEN DIE VERARBEITUNG SIE BETREFFENDER PERSONENBEZOGENER DATEN ZUM ZWECKE DERARTIGER WERBUNG EINZULEGEN. SIE K\u00d6NNEN DEN WIDERSPRUCH WIE OBEN BESCHRIEBEN AUS\u00dcBEN.<\/p>\n<p>MACHEN SIE VON IHREM WIDERSPRUCHSRECHT GEBRAUCH, BEENDEN WIR DIE VERARBEITUNG DER BETROFFENEN DATEN ZU DIREKTWERBEZWECKEN.<\/p>\n<h2>9) Dauer der Speicherung personenbezogener Daten<\/h2>\n<p>Die Dauer der Speicherung von personenbezogenen Daten bemisst sich anhand der jeweiligen Rechtsgrundlage, am Verarbeitungszweck und \u2013 sofern einschl\u00e4gig \u2013 zus\u00e4tzlich anhand der jeweiligen gesetzlichen Aufbewahrungsfrist (z.B. handels- und steuerrechtliche Aufbewahrungsfristen).<\/p>\n<p>Bei der Verarbeitung von personenbezogenen Daten auf Grundlage einer ausdr\u00fccklichen Einwilligung gem\u00e4\u00df Art. 6 Abs. 1 lit. a DSGVO werden die betroffenen Daten so lange gespeichert, bis Sie Ihre Einwilligung widerrufen.<\/p>\n<p>Existieren gesetzliche Aufbewahrungsfristen f\u00fcr Daten, die im Rahmen rechtsgesch\u00e4ftlicher bzw. rechtsgesch\u00e4fts\u00e4hnlicher Verpflichtungen auf der Grundlage von Art. 6 Abs. 1 lit. b DSGVO verarbeitet werden, werden diese Daten nach Ablauf der Aufbewahrungsfristen routinem\u00e4\u00dfig gel\u00f6scht, sofern sie nicht mehr zur Vertragserf\u00fcllung oder Vertragsanbahnung erforderlich sind und\/oder unsererseits kein berechtigtes Interesse an der Weiterspeicherung fortbesteht.<\/p>\n<p>Bei der Verarbeitung von personenbezogenen Daten auf Grundlage von Art. 6 Abs. 1 lit. f DSGVO werden diese Daten so lange gespeichert, bis Sie Ihr Widerspruchsrecht nach Art. 21 Abs. 1 DSGVO aus\u00fcben, es sei denn, wir k\u00f6nnen zwingende schutzw\u00fcrdige Gr\u00fcnde f\u00fcr die Verarbeitung nachweisen, die Ihre Interessen, Rechte und Freiheiten \u00fcberwiegen, oder die Verarbeitung dient der Geltendmachung, Aus\u00fcbung oder Verteidigung von Rechtsanspr\u00fcchen.<\/p>\n<p>Bei der Verarbeitung von personenbezogenen Daten zum Zwecke der Direktwerbung auf Grundlage von Art. 6 Abs. 1 lit. f DSGVO werden diese Daten so lange gespeichert, bis Sie Ihr Widerspruchsrecht nach Art. 21 Abs. 2 DSGVO aus\u00fcben.<\/p>\n<p>Sofern sich aus den sonstigen Informationen dieser Erkl\u00e4rung \u00fcber spezifische Verarbeitungssituationen nichts anderes ergibt, werden gespeicherte personenbezogene Daten im \u00dcbrigen dann gel\u00f6scht, wenn sie f\u00fcr die Zwecke, f\u00fcr die sie erhoben oder auf sonstige Weise verarbeitet wurden, nicht mehr notwendig sind.[\/vc_column_text][\/vc_column][\/vc_row]<\/p>\n","protected":false},"excerpt":{"rendered":"<p>[vc_row][vc_column][vc_column_text] Datenschutzerkl\u00e4rung 1) Einleitung und Kontaktdaten des Verantwortlichen 1.1\u00a0Wir freuen uns, dass Sie unsere Website besuchen und bedanken uns f\u00fcr Ihr Interesse. Im Folgenden informieren wir Sie \u00fcber den Umgang mit Ihren personenbezogenen Daten bei der Nutzung unserer Website. Personenbezogene Daten sind hierbei alle Daten, mit denen Sie pers\u00f6nlich identifiziert werden k\u00f6nnen. 1.2 Verantwortlicher f\u00fcr [&hellip;]<a href=\"https:\/\/sol-royal.com\/en\/datenschutzerklaerung\/\" class=\"df-link-excerpt\">Continue reading<\/a><\/p>\n","protected":false},"author":1,"featured_media":0,"parent":0,"menu_order":0,"comment_status":"closed","ping_status":"closed","template":"","meta":{"footnotes":""},"class_list":["post-33488","page","type-page","status-publish","hentry"],"translation":{"provider":"WPGlobus","version":"3.0.0","language":"en","enabled_languages":["de","en","fr","it","es"],"languages":{"de":{"title":true,"content":true,"excerpt":false},"en":{"title":false,"content":false,"excerpt":false},"fr":{"title":false,"content":false,"excerpt":false},"it":{"title":false,"content":false,"excerpt":false},"es":{"title":false,"content":false,"excerpt":false}}},"aioseo_notices":[],"_links":{"self":[{"href":"https:\/\/sol-royal.com\/en\/wp-json\/wp\/v2\/pages\/33488","targetHints":{"allow":["GET"]}}],"collection":[{"href":"https:\/\/sol-royal.com\/en\/wp-json\/wp\/v2\/pages"}],"about":[{"href":"https:\/\/sol-royal.com\/en\/wp-json\/wp\/v2\/types\/page"}],"author":[{"embeddable":true,"href":"https:\/\/sol-royal.com\/en\/wp-json\/wp\/v2\/users\/1"}],"replies":[{"embeddable":true,"href":"https:\/\/sol-royal.com\/en\/wp-json\/wp\/v2\/comments?post=33488"}],"version-history":[{"count":19,"href":"https:\/\/sol-royal.com\/en\/wp-json\/wp\/v2\/pages\/33488\/revisions"}],"predecessor-version":[{"id":33688,"href":"https:\/\/sol-royal.com\/en\/wp-json\/wp\/v2\/pages\/33488\/revisions\/33688"}],"wp:attachment":[{"href":"https:\/\/sol-royal.com\/en\/wp-json\/wp\/v2\/media?parent=33488"}],"curies":[{"name":"wp","href":"https:\/\/api.w.org\/{rel}","templated":true}]}}